{"id":18,"date":"2018-03-06T19:08:30","date_gmt":"2018-03-06T18:08:30","guid":{"rendered":"http:\/\/kw-blogbd.fr\/?page_id=18"},"modified":"2020-04-28T11:49:14","modified_gmt":"2020-04-28T09:49:14","slug":"a-propos-de","status":"publish","type":"page","link":"https:\/\/kw-blogbd.fr\/index.php\/a-propos-de\/","title":{"rendered":"\u00c0 propos"},"content":{"rendered":"<p>[et_pb_section fb_built=\u00a0\u00bb1&Prime; admin_label=\u00a0\u00bbHero Section\u00a0\u00bb _builder_version=\u00a0\u00bb3.6&Prime; background_color_gradient_direction=\u00a0\u00bb131deg\u00a0\u00bb background_image=\u00a0\u00bbhttps:\/\/kw-blogbd.fr\/wp-content\/uploads\/2018\/03\/Banni\u00e8re_APropos.jpg\u00a0\u00bb custom_padding=\u00a0\u00bb80px|0px|80px|0px\u00a0\u00bb animation_style=\u00a0\u00bbslide\u00a0\u00bb animation_direction=\u00a0\u00bbtop\u00a0\u00bb animation_intensity_slide=\u00a0\u00bb2%\u00a0\u00bb animation_starting_opacity=\u00a0\u00bb100%\u00a0\u00bb locked=\u00a0\u00bboff\u00a0\u00bb][et_pb_row custom_width_px=\u00a0\u00bb1440px\u00a0\u00bb custom_padding=\u00a0\u00bb|||\u00a0\u00bb _builder_version=\u00a0\u00bb3.0.84&Prime; background_size=\u00a0\u00bbinitial\u00a0\u00bb background_position=\u00a0\u00bbtop_left\u00a0\u00bb background_repeat=\u00a0\u00bbrepeat\u00a0\u00bb][et_pb_column type=\u00a0\u00bb4_4&Prime; _builder_version=\u00a0\u00bb3.0.47&Prime; parallax=\u00a0\u00bboff\u00a0\u00bb parallax_method=\u00a0\u00bbon\u00a0\u00bb][et_pb_text _builder_version=\u00a0\u00bb3.6&Prime; text_font=\u00a0\u00bb||||||||\u00a0\u00bb text_text_color=\u00a0\u00bb#ffffff\u00a0\u00bb header_font=\u00a0\u00bbAcme|700|||||||\u00a0\u00bb header_text_color=\u00a0\u00bb#ffffff\u00a0\u00bb header_font_size=\u00a0\u00bb60px\u00a0\u00bb header_line_height=\u00a0\u00bb1.5em\u00a0\u00bb header_text_shadow_style=\u00a0\u00bbpreset3&Prime; header_text_shadow_blur_strength=\u00a0\u00bb0.19em\u00a0\u00bb header_text_shadow_color=\u00a0\u00bb#000000&Prime; header_2_font=\u00a0\u00bb||||||||\u00a0\u00bb header_3_font=\u00a0\u00bb||||||||\u00a0\u00bb header_4_font=\u00a0\u00bb||||||||\u00a0\u00bb header_5_font=\u00a0\u00bb||||||||\u00a0\u00bb header_6_font=\u00a0\u00bb||||||||\u00a0\u00bb background_size=\u00a0\u00bbinitial\u00a0\u00bb background_position=\u00a0\u00bbtop_left\u00a0\u00bb background_repeat=\u00a0\u00bbrepeat\u00a0\u00bb text_orientation=\u00a0\u00bbcenter\u00a0\u00bb module_alignment=\u00a0\u00bbcenter\u00a0\u00bb custom_margin=\u00a0\u00bb||20px|\u00a0\u00bb locked=\u00a0\u00bboff\u00a0\u00bb]<\/p>\n<h1>\u00c0 propos de moi&#8230;<\/h1>\n<p>[\/et_pb_text][\/et_pb_column][\/et_pb_row][\/et_pb_section][et_pb_section fb_built=\u00a0\u00bb1&Prime; _builder_version=\u00a0\u00bb3.0.84&Prime; custom_padding=\u00a0\u00bb|||\u00a0\u00bb][et_pb_row _builder_version=\u00a0\u00bb3.6&Prime;][et_pb_column type=\u00a0\u00bb4_4&Prime; _builder_version=\u00a0\u00bb3.6&Prime; parallax=\u00a0\u00bboff\u00a0\u00bb parallax_method=\u00a0\u00bbon\u00a0\u00bb][et_pb_gallery gallery_ids=\u00a0\u00bb938,939,940,941,942,943,944&Prime; fullwidth=\u00a0\u00bbon\u00a0\u00bb hover_icon=\u00a0\u00bb%%190%%\u00a0\u00bb _builder_version=\u00a0\u00bb3.6&Prime; max_width=\u00a0\u00bb80%\u00a0\u00bb module_alignment=\u00a0\u00bbcenter\u00a0\u00bb][\/et_pb_gallery][\/et_pb_column][\/et_pb_row][\/et_pb_section]<\/p>\n","protected":false},"excerpt":{"rendered":"<p>\u00c0 propos de moi&#8230;<\/p>\n","protected":false},"author":1,"featured_media":195,"parent":0,"menu_order":0,"comment_status":"closed","ping_status":"closed","template":"","meta":{"_et_pb_use_builder":"on","_et_pb_old_content":"<!-- wp:paragraph -->\r\n<p>  Cliquez sur une illustration pour l'agrandir. Pour naviguer, utilisez vos fl\u00e8ches gauche et droite ou cliquez \u00e0 l'aide de votre souris sur l'illustration pour passer \u00e0 la suivante. <\/p>\r\n<!-- \/wp:paragraph -->\r\n\r\n<!-- wp:gallery {\"ids\":[938,939,940,941,942,943,944],\"linkTo\":\"media\"} -->\r\n<ul class=\"wp-block-gallery columns-3 is-cropped\"><li class=\"blocks-gallery-item\"><figure><a href=\"https:\/\/kw-blogbd.fr\/wp-content\/uploads\/2019\/04\/Note1_1_Optimis\u00e9Web.jpg\"><img src=\"https:\/\/kw-blogbd.fr\/wp-content\/uploads\/2019\/04\/Note1_1_Optimis\u00e9Web.jpg\" alt=\"\" data-id=\"938\" data-link=\"https:\/\/kw-blogbd.fr\/note1_1_optimiseweb\/\" class=\"wp-image-938\"\/><\/a><\/figure><\/li><li class=\"blocks-gallery-item\"><figure><a href=\"https:\/\/kw-blogbd.fr\/wp-content\/uploads\/2019\/04\/Note1_2_Optimis\u00e9Web.jpg\"><img src=\"https:\/\/kw-blogbd.fr\/wp-content\/uploads\/2019\/04\/Note1_2_Optimis\u00e9Web.jpg\" alt=\"\" data-id=\"939\" data-link=\"https:\/\/kw-blogbd.fr\/note1_2_optimiseweb\/\" class=\"wp-image-939\"\/><\/a><\/figure><\/li><li class=\"blocks-gallery-item\"><figure><a href=\"https:\/\/kw-blogbd.fr\/wp-content\/uploads\/2019\/04\/Note1_3_Optimis\u00e9Web.jpg\"><img src=\"https:\/\/kw-blogbd.fr\/wp-content\/uploads\/2019\/04\/Note1_3_Optimis\u00e9Web.jpg\" alt=\"\" data-id=\"940\" data-link=\"https:\/\/kw-blogbd.fr\/note1_3_optimiseweb\/\" class=\"wp-image-940\"\/><\/a><\/figure><\/li><li class=\"blocks-gallery-item\"><figure><a href=\"https:\/\/kw-blogbd.fr\/wp-content\/uploads\/2019\/04\/Note1_4_Optimis\u00e9Web.jpg\"><img src=\"https:\/\/kw-blogbd.fr\/wp-content\/uploads\/2019\/04\/Note1_4_Optimis\u00e9Web.jpg\" alt=\"\" data-id=\"941\" data-link=\"https:\/\/kw-blogbd.fr\/note1_4_optimiseweb\/\" class=\"wp-image-941\"\/><\/a><\/figure><\/li><li class=\"blocks-gallery-item\"><figure><a href=\"https:\/\/kw-blogbd.fr\/wp-content\/uploads\/2019\/04\/Note1_5_Optimis\u00e9Web.jpg\"><img src=\"https:\/\/kw-blogbd.fr\/wp-content\/uploads\/2019\/04\/Note1_5_Optimis\u00e9Web.jpg\" alt=\"\" data-id=\"942\" data-link=\"https:\/\/kw-blogbd.fr\/note1_5_optimiseweb\/\" class=\"wp-image-942\"\/><\/a><\/figure><\/li><li class=\"blocks-gallery-item\"><figure><a href=\"https:\/\/kw-blogbd.fr\/wp-content\/uploads\/2019\/04\/Note1_6_Optimis\u00e9Web.jpg\"><img src=\"https:\/\/kw-blogbd.fr\/wp-content\/uploads\/2019\/04\/Note1_6_Optimis\u00e9Web.jpg\" alt=\"\" data-id=\"943\" data-link=\"https:\/\/kw-blogbd.fr\/note1_6_optimiseweb\/\" class=\"wp-image-943\"\/><\/a><\/figure><\/li><li class=\"blocks-gallery-item\"><figure><a href=\"https:\/\/kw-blogbd.fr\/wp-content\/uploads\/2019\/04\/Note1_7_Optimis\u00e9Web.jpg\"><img src=\"https:\/\/kw-blogbd.fr\/wp-content\/uploads\/2019\/04\/Note1_7_Optimis\u00e9Web.jpg\" alt=\"\" data-id=\"944\" data-link=\"https:\/\/kw-blogbd.fr\/note1_7_optimiseweb\/\" class=\"wp-image-944\"\/><\/a><\/figure><\/li><\/ul>\r\n<!-- \/wp:gallery -->","_et_gb_content_width":"","jetpack_post_was_ever_published":false,"footnotes":""},"class_list":["post-18","page","type-page","status-publish","has-post-thumbnail","hentry"],"yoast_head":"<!-- This site is optimized with the Yoast SEO plugin v27.4 - https:\/\/yoast.com\/product\/yoast-seo-wordpress\/ -->\n<title>\u00c0 propos - Le blog BD de K.W<\/title>\n<meta name=\"robots\" content=\"index, follow, max-snippet:-1, max-image-preview:large, max-video-preview:-1\" \/>\n<link rel=\"canonical\" href=\"https:\/\/kw-blogbd.fr\/index.php\/a-propos-de\/\" \/>\n<meta property=\"og:locale\" content=\"fr_FR\" \/>\n<meta property=\"og:type\" content=\"article\" \/>\n<meta property=\"og:title\" content=\"\u00c0 propos - Le blog BD de K.W\" \/>\n<meta property=\"og:description\" content=\"\u00c0 propos de moi...\" \/>\n<meta property=\"og:url\" content=\"https:\/\/kw-blogbd.fr\/index.php\/a-propos-de\/\" \/>\n<meta property=\"og:site_name\" content=\"Le blog BD de K.W\" \/>\n<meta property=\"article:modified_time\" content=\"2020-04-28T09:49:14+00:00\" \/>\n<meta property=\"og:image\" content=\"https:\/\/kw-blogbd.fr\/wp-content\/uploads\/2018\/03\/Banni\u00e8re_APropos.jpg\" \/>\n\t<meta property=\"og:image:width\" content=\"1920\" \/>\n\t<meta property=\"og:image:height\" content=\"420\" \/>\n\t<meta property=\"og:image:type\" content=\"image\/jpeg\" \/>\n<meta name=\"twitter:card\" content=\"summary_large_image\" \/>\n<meta name=\"twitter:label1\" content=\"Dur\u00e9e de lecture estim\u00e9e\" \/>\n\t<meta name=\"twitter:data1\" content=\"1 minute\" \/>\n<script type=\"application\/ld+json\" class=\"yoast-schema-graph\">{\"@context\":\"https:\\\/\\\/schema.org\",\"@graph\":[{\"@type\":\"WebPage\",\"@id\":\"https:\\\/\\\/kw-blogbd.fr\\\/index.php\\\/a-propos-de\\\/\",\"url\":\"https:\\\/\\\/kw-blogbd.fr\\\/index.php\\\/a-propos-de\\\/\",\"name\":\"\u00c0 propos - Le blog BD de K.W\",\"isPartOf\":{\"@id\":\"https:\\\/\\\/kw-blogbd.fr\\\/#website\"},\"primaryImageOfPage\":{\"@id\":\"https:\\\/\\\/kw-blogbd.fr\\\/index.php\\\/a-propos-de\\\/#primaryimage\"},\"image\":{\"@id\":\"https:\\\/\\\/kw-blogbd.fr\\\/index.php\\\/a-propos-de\\\/#primaryimage\"},\"thumbnailUrl\":\"https:\\\/\\\/kw-blogbd.fr\\\/wp-content\\\/uploads\\\/2018\\\/03\\\/Banni\u00e8re_APropos.jpg\",\"datePublished\":\"2018-03-06T18:08:30+00:00\",\"dateModified\":\"2020-04-28T09:49:14+00:00\",\"breadcrumb\":{\"@id\":\"https:\\\/\\\/kw-blogbd.fr\\\/index.php\\\/a-propos-de\\\/#breadcrumb\"},\"inLanguage\":\"fr-FR\",\"potentialAction\":[{\"@type\":\"ReadAction\",\"target\":[\"https:\\\/\\\/kw-blogbd.fr\\\/index.php\\\/a-propos-de\\\/\"]}]},{\"@type\":\"ImageObject\",\"inLanguage\":\"fr-FR\",\"@id\":\"https:\\\/\\\/kw-blogbd.fr\\\/index.php\\\/a-propos-de\\\/#primaryimage\",\"url\":\"https:\\\/\\\/kw-blogbd.fr\\\/wp-content\\\/uploads\\\/2018\\\/03\\\/Banni\u00e8re_APropos.jpg\",\"contentUrl\":\"https:\\\/\\\/kw-blogbd.fr\\\/wp-content\\\/uploads\\\/2018\\\/03\\\/Banni\u00e8re_APropos.jpg\",\"width\":1920,\"height\":420},{\"@type\":\"BreadcrumbList\",\"@id\":\"https:\\\/\\\/kw-blogbd.fr\\\/index.php\\\/a-propos-de\\\/#breadcrumb\",\"itemListElement\":[{\"@type\":\"ListItem\",\"position\":1,\"name\":\"Accueil\",\"item\":\"https:\\\/\\\/kw-blogbd.fr\\\/\"},{\"@type\":\"ListItem\",\"position\":2,\"name\":\"\u00c0 propos\"}]},{\"@type\":\"WebSite\",\"@id\":\"https:\\\/\\\/kw-blogbd.fr\\\/#website\",\"url\":\"https:\\\/\\\/kw-blogbd.fr\\\/\",\"name\":\"Le blog BD de K.W\",\"description\":\"On trouvera un slogan plus tard\",\"potentialAction\":[{\"@type\":\"SearchAction\",\"target\":{\"@type\":\"EntryPoint\",\"urlTemplate\":\"https:\\\/\\\/kw-blogbd.fr\\\/?s={search_term_string}\"},\"query-input\":{\"@type\":\"PropertyValueSpecification\",\"valueRequired\":true,\"valueName\":\"search_term_string\"}}],\"inLanguage\":\"fr-FR\"}]}<\/script>\n<!-- \/ Yoast SEO plugin. -->","yoast_head_json":{"title":"\u00c0 propos - Le blog BD de K.W","robots":{"index":"index","follow":"follow","max-snippet":"max-snippet:-1","max-image-preview":"max-image-preview:large","max-video-preview":"max-video-preview:-1"},"canonical":"https:\/\/kw-blogbd.fr\/index.php\/a-propos-de\/","og_locale":"fr_FR","og_type":"article","og_title":"\u00c0 propos - Le blog BD de K.W","og_description":"\u00c0 propos de moi...","og_url":"https:\/\/kw-blogbd.fr\/index.php\/a-propos-de\/","og_site_name":"Le blog BD de K.W","article_modified_time":"2020-04-28T09:49:14+00:00","og_image":[{"width":1920,"height":420,"url":"https:\/\/kw-blogbd.fr\/wp-content\/uploads\/2018\/03\/Banni\u00e8re_APropos.jpg","type":"image\/jpeg"}],"twitter_card":"summary_large_image","twitter_misc":{"Dur\u00e9e de lecture estim\u00e9e":"1 minute"},"schema":{"@context":"https:\/\/schema.org","@graph":[{"@type":"WebPage","@id":"https:\/\/kw-blogbd.fr\/index.php\/a-propos-de\/","url":"https:\/\/kw-blogbd.fr\/index.php\/a-propos-de\/","name":"\u00c0 propos - Le blog BD de K.W","isPartOf":{"@id":"https:\/\/kw-blogbd.fr\/#website"},"primaryImageOfPage":{"@id":"https:\/\/kw-blogbd.fr\/index.php\/a-propos-de\/#primaryimage"},"image":{"@id":"https:\/\/kw-blogbd.fr\/index.php\/a-propos-de\/#primaryimage"},"thumbnailUrl":"https:\/\/kw-blogbd.fr\/wp-content\/uploads\/2018\/03\/Banni\u00e8re_APropos.jpg","datePublished":"2018-03-06T18:08:30+00:00","dateModified":"2020-04-28T09:49:14+00:00","breadcrumb":{"@id":"https:\/\/kw-blogbd.fr\/index.php\/a-propos-de\/#breadcrumb"},"inLanguage":"fr-FR","potentialAction":[{"@type":"ReadAction","target":["https:\/\/kw-blogbd.fr\/index.php\/a-propos-de\/"]}]},{"@type":"ImageObject","inLanguage":"fr-FR","@id":"https:\/\/kw-blogbd.fr\/index.php\/a-propos-de\/#primaryimage","url":"https:\/\/kw-blogbd.fr\/wp-content\/uploads\/2018\/03\/Banni\u00e8re_APropos.jpg","contentUrl":"https:\/\/kw-blogbd.fr\/wp-content\/uploads\/2018\/03\/Banni\u00e8re_APropos.jpg","width":1920,"height":420},{"@type":"BreadcrumbList","@id":"https:\/\/kw-blogbd.fr\/index.php\/a-propos-de\/#breadcrumb","itemListElement":[{"@type":"ListItem","position":1,"name":"Accueil","item":"https:\/\/kw-blogbd.fr\/"},{"@type":"ListItem","position":2,"name":"\u00c0 propos"}]},{"@type":"WebSite","@id":"https:\/\/kw-blogbd.fr\/#website","url":"https:\/\/kw-blogbd.fr\/","name":"Le blog BD de K.W","description":"On trouvera un slogan plus tard","potentialAction":[{"@type":"SearchAction","target":{"@type":"EntryPoint","urlTemplate":"https:\/\/kw-blogbd.fr\/?s={search_term_string}"},"query-input":{"@type":"PropertyValueSpecification","valueRequired":true,"valueName":"search_term_string"}}],"inLanguage":"fr-FR"}]}},"jetpack_sharing_enabled":true,"jetpack_shortlink":"https:\/\/wp.me\/P9JgFJ-i","_links":{"self":[{"href":"https:\/\/kw-blogbd.fr\/index.php\/wp-json\/wp\/v2\/pages\/18","targetHints":{"allow":["GET"]}}],"collection":[{"href":"https:\/\/kw-blogbd.fr\/index.php\/wp-json\/wp\/v2\/pages"}],"about":[{"href":"https:\/\/kw-blogbd.fr\/index.php\/wp-json\/wp\/v2\/types\/page"}],"author":[{"embeddable":true,"href":"https:\/\/kw-blogbd.fr\/index.php\/wp-json\/wp\/v2\/users\/1"}],"replies":[{"embeddable":true,"href":"https:\/\/kw-blogbd.fr\/index.php\/wp-json\/wp\/v2\/comments?post=18"}],"version-history":[{"count":12,"href":"https:\/\/kw-blogbd.fr\/index.php\/wp-json\/wp\/v2\/pages\/18\/revisions"}],"predecessor-version":[{"id":2046,"href":"https:\/\/kw-blogbd.fr\/index.php\/wp-json\/wp\/v2\/pages\/18\/revisions\/2046"}],"wp:featuredmedia":[{"embeddable":true,"href":"https:\/\/kw-blogbd.fr\/index.php\/wp-json\/wp\/v2\/media\/195"}],"wp:attachment":[{"href":"https:\/\/kw-blogbd.fr\/index.php\/wp-json\/wp\/v2\/media?parent=18"}],"curies":[{"name":"wp","href":"https:\/\/api.w.org\/{rel}","templated":true}]}}