{"id":4211,"date":"2024-04-23T08:55:57","date_gmt":"2024-04-23T06:55:57","guid":{"rendered":"https:\/\/kw-blogbd.fr\/?page_id=4211"},"modified":"2024-04-29T10:35:22","modified_gmt":"2024-04-29T08:35:22","slug":"la-map-des-orninis","status":"publish","type":"page","link":"https:\/\/kw-blogbd.fr\/index.php\/la-map-des-orninis\/","title":{"rendered":"La Map des Orninis !"},"content":{"rendered":"<p>[et_pb_section fb_built=\u00a0\u00bb1&Prime; admin_label=\u00a0\u00bbHero Section\u00a0\u00bb _builder_version=\u00a0\u00bb4.25.0&Prime; background_color_gradient_direction=\u00a0\u00bb131deg\u00a0\u00bb background_image=\u00a0\u00bbhttps:\/\/kw-blogbd.fr\/wp-content\/uploads\/2024\/04\/Banniere_OrniniMap.png\u00a0\u00bb custom_padding=\u00a0\u00bb80px|0px|80px|0px\u00a0\u00bb animation_style=\u00a0\u00bbslide\u00a0\u00bb animation_direction=\u00a0\u00bbtop\u00a0\u00bb animation_intensity_slide=\u00a0\u00bb2%\u00a0\u00bb animation_starting_opacity=\u00a0\u00bb100%\u00a0\u00bb locked=\u00a0\u00bboff\u00a0\u00bb global_colors_info=\u00a0\u00bb{}\u00a0\u00bb][et_pb_row _builder_version=\u00a0\u00bb4.25.0&Prime; background_size=\u00a0\u00bbinitial\u00a0\u00bb background_position=\u00a0\u00bbtop_left\u00a0\u00bb background_repeat=\u00a0\u00bbrepeat\u00a0\u00bb custom_padding=\u00a0\u00bb|||\u00a0\u00bb custom_width_px=\u00a0\u00bb1440px\u00a0\u00bb global_colors_info=\u00a0\u00bb{}\u00a0\u00bb][et_pb_column type=\u00a0\u00bb4_4&Prime; _builder_version=\u00a0\u00bb4.16&Prime; custom_padding=\u00a0\u00bb|||\u00a0\u00bb global_colors_info=\u00a0\u00bb{}\u00a0\u00bb custom_padding__hover=\u00a0\u00bb|||\u00a0\u00bb][et_pb_text _builder_version=\u00a0\u00bb4.25.0&Prime; text_font=\u00a0\u00bbAcme||||||||\u00a0\u00bb header_font=\u00a0\u00bbAcme|700|||||||\u00a0\u00bb header_text_color=\u00a0\u00bb#ffffff\u00a0\u00bb header_font_size=\u00a0\u00bb60px\u00a0\u00bb header_line_height=\u00a0\u00bb1.5em\u00a0\u00bb header_2_font=\u00a0\u00bb||||||||\u00a0\u00bb header_3_font=\u00a0\u00bb||||||||\u00a0\u00bb header_4_font=\u00a0\u00bb||||||||\u00a0\u00bb header_5_font=\u00a0\u00bb||||||||\u00a0\u00bb header_6_font=\u00a0\u00bb||||||||\u00a0\u00bb background_size=\u00a0\u00bbinitial\u00a0\u00bb background_position=\u00a0\u00bbtop_left\u00a0\u00bb background_repeat=\u00a0\u00bbrepeat\u00a0\u00bb text_orientation=\u00a0\u00bbcenter\u00a0\u00bb module_alignment=\u00a0\u00bbcenter\u00a0\u00bb custom_margin=\u00a0\u00bb||20px|\u00a0\u00bb header_text_shadow_style=\u00a0\u00bbpreset3&Prime; header_text_shadow_blur_strength=\u00a0\u00bb0.19em\u00a0\u00bb header_text_shadow_color=\u00a0\u00bb#000000&Prime; locked=\u00a0\u00bboff\u00a0\u00bb global_colors_info=\u00a0\u00bb{}\u00a0\u00bb]<\/p>\n<h1 style=\"text-align: right;\">La Map des Orninis !<\/h1>\n<p>[\/et_pb_text][\/et_pb_column][\/et_pb_row][\/et_pb_section][et_pb_section fb_built=\u00a0\u00bb1&Prime; _builder_version=\u00a0\u00bb4.23.4&Prime; custom_padding=\u00a0\u00bb|||\u00a0\u00bb global_colors_info=\u00a0\u00bb{}\u00a0\u00bb][et_pb_row admin_label=\u00a0\u00bbLigne\u00a0\u00bb _builder_version=\u00a0\u00bb4.25.0&Prime; global_colors_info=\u00a0\u00bb{}\u00a0\u00bb][et_pb_column type=\u00a0\u00bb4_4&Prime; _builder_version=\u00a0\u00bb4.16&Prime; custom_padding=\u00a0\u00bb|||\u00a0\u00bb global_colors_info=\u00a0\u00bb{}\u00a0\u00bb custom_padding__hover=\u00a0\u00bb|||\u00a0\u00bb][et_pb_text admin_label=\u00a0\u00bbTexte\u00a0\u00bb _builder_version=\u00a0\u00bb4.25.0&Prime; text_font=\u00a0\u00bbAcme||||||||\u00a0\u00bb text_text_color=\u00a0\u00bb#E91E63&Prime; text_font_size=\u00a0\u00bb47px\u00a0\u00bb header_font=\u00a0\u00bb||||||||\u00a0\u00bb hover_enabled=\u00a0\u00bb0&Prime; global_colors_info=\u00a0\u00bb{}\u00a0\u00bb sticky_enabled=\u00a0\u00bb0&Prime;]<\/p>\n<p>La Map des Orninis<\/p>\n<p>[\/et_pb_text][et_pb_text _builder_version=\u00a0\u00bb4.25.0&Prime; _module_preset=\u00a0\u00bbdefault\u00a0\u00bb global_colors_info=\u00a0\u00bb{}\u00a0\u00bb]Pour retrouver mes cartes un peu partout en France&#8230; et peut-\u00eatre m\u00eame au-del\u00e0 ![\/et_pb_text][et_pb_code _builder_version=\u00a0\u00bb4.25.0&Prime; _module_preset=\u00a0\u00bbdefault\u00a0\u00bb global_colors_info=\u00a0\u00bb{}\u00a0\u00bb]<iframe loading=\"lazy\" src=\"https:\/\/www.google.com\/maps\/d\/u\/1\/embed?mid=1pf6MZp1CBCyHcNuCzPy8IlaC89XA4ck&#038;ehbc=2E312F&#038;noprof=1\" width=\"800\" height=\"600\"><\/iframe>[\/et_pb_code][\/et_pb_column][\/et_pb_row][et_pb_row _builder_version=\u00a0\u00bb4.25.0&Prime; _module_preset=\u00a0\u00bbdefault\u00a0\u00bb global_colors_info=\u00a0\u00bb{}\u00a0\u00bb][et_pb_column type=\u00a0\u00bb4_4&Prime; _builder_version=\u00a0\u00bb4.25.0&Prime; _module_preset=\u00a0\u00bbdefault\u00a0\u00bb global_colors_info=\u00a0\u00bb{}\u00a0\u00bb][et_pb_text admin_label=\u00a0\u00bbTexte\u00a0\u00bb _builder_version=\u00a0\u00bb4.25.0&Prime; text_font=\u00a0\u00bbAcme||||||||\u00a0\u00bb text_text_color=\u00a0\u00bb#E91E63&Prime; text_font_size=\u00a0\u00bb47px\u00a0\u00bb header_font=\u00a0\u00bb||||||||\u00a0\u00bb global_colors_info=\u00a0\u00bb{}\u00a0\u00bb]<\/p>\n<p>Comment faire pour participer ?<\/p>\n<p>[\/et_pb_text][et_pb_image src=\u00a0\u00bbhttps:\/\/kw-blogbd.fr\/wp-content\/uploads\/2024\/04\/Strip25_Inst01.jpg\u00a0\u00bb title_text=\u00a0\u00bbStrip25_Inst01&Prime; _builder_version=\u00a0\u00bb4.25.0&Prime; _module_preset=\u00a0\u00bbdefault\u00a0\u00bb global_colors_info=\u00a0\u00bb{}\u00a0\u00bb][\/et_pb_image][et_pb_image src=\u00a0\u00bbhttps:\/\/kw-blogbd.fr\/wp-content\/uploads\/2024\/04\/Strip25_Inst02.jpg\u00a0\u00bb title_text=\u00a0\u00bbStrip25_Inst02&Prime; _builder_version=\u00a0\u00bb4.25.0&Prime; _module_preset=\u00a0\u00bbdefault\u00a0\u00bb global_colors_info=\u00a0\u00bb{}\u00a0\u00bb][\/et_pb_image][et_pb_image src=\u00a0\u00bbhttps:\/\/kw-blogbd.fr\/wp-content\/uploads\/2024\/04\/Strip25_Inst03.jpg\u00a0\u00bb title_text=\u00a0\u00bbStrip25_Inst03&Prime; _builder_version=\u00a0\u00bb4.25.0&Prime; _module_preset=\u00a0\u00bbdefault\u00a0\u00bb global_colors_info=\u00a0\u00bb{}\u00a0\u00bb][\/et_pb_image][et_pb_image src=\u00a0\u00bbhttps:\/\/kw-blogbd.fr\/wp-content\/uploads\/2024\/04\/Strip25_Inst04.jpg\u00a0\u00bb title_text=\u00a0\u00bbStrip25_Inst04&Prime; _builder_version=\u00a0\u00bb4.25.0&Prime; _module_preset=\u00a0\u00bbdefault\u00a0\u00bb global_colors_info=\u00a0\u00bb{}\u00a0\u00bb][\/et_pb_image][et_pb_image src=\u00a0\u00bbhttps:\/\/kw-blogbd.fr\/wp-content\/uploads\/2024\/04\/Strip25_Inst04_2.jpg\u00a0\u00bb title_text=\u00a0\u00bbStrip25_Inst04_2&Prime; _builder_version=\u00a0\u00bb4.25.0&Prime; _module_preset=\u00a0\u00bbdefault\u00a0\u00bb global_colors_info=\u00a0\u00bb{}\u00a0\u00bb][\/et_pb_image][et_pb_image src=\u00a0\u00bbhttps:\/\/kw-blogbd.fr\/wp-content\/uploads\/2024\/04\/Strip25_Inst05.jpg\u00a0\u00bb title_text=\u00a0\u00bbStrip25_Inst05&Prime; _builder_version=\u00a0\u00bb4.25.0&Prime; _module_preset=\u00a0\u00bbdefault\u00a0\u00bb global_colors_info=\u00a0\u00bb{}\u00a0\u00bb][\/et_pb_image][\/et_pb_column][\/et_pb_row][\/et_pb_section]<\/p>\n","protected":false},"excerpt":{"rendered":"<p>La Map des Orninis !La Map des OrninisPour retrouver mes cartes un peu partout en France&#8230; et peut-\u00eatre m\u00eame au-del\u00e0 !Comment faire pour participer ?<\/p>\n","protected":false},"author":1,"featured_media":0,"parent":0,"menu_order":0,"comment_status":"closed","ping_status":"closed","template":"","meta":{"_et_pb_use_builder":"on","_et_pb_old_content":"Pour retrouver mes cartes de visite partout en France !\r\n\r\n<iframe src=\"https:\/\/www.google.com\/maps\/d\/u\/1\/embed?mid=1pf6MZp1CBCyHcNuCzPy8IlaC89XA4ck&ehbc=2E312F&noprof=1\" width=\"800\" height=\"600\"><\/iframe>","_et_gb_content_width":"","jetpack_post_was_ever_published":false,"footnotes":""},"class_list":["post-4211","page","type-page","status-publish","hentry"],"yoast_head":"<!-- This site is optimized with the Yoast SEO plugin v27.2 - https:\/\/yoast.com\/product\/yoast-seo-wordpress\/ -->\n<title>La Map des Orninis ! - Le blog BD de K.W<\/title>\n<meta name=\"robots\" content=\"index, follow, max-snippet:-1, max-image-preview:large, max-video-preview:-1\" \/>\n<link rel=\"canonical\" href=\"https:\/\/kw-blogbd.fr\/index.php\/la-map-des-orninis\/\" \/>\n<meta property=\"og:locale\" content=\"fr_FR\" \/>\n<meta property=\"og:type\" content=\"article\" \/>\n<meta property=\"og:title\" content=\"La Map des Orninis ! - Le blog BD de K.W\" \/>\n<meta property=\"og:description\" content=\"La Map des Orninis !La Map des OrninisPour retrouver mes cartes un peu partout en France... et peut-\u00eatre m\u00eame au-del\u00e0 !Comment faire pour participer ?\" \/>\n<meta property=\"og:url\" content=\"https:\/\/kw-blogbd.fr\/index.php\/la-map-des-orninis\/\" \/>\n<meta property=\"og:site_name\" content=\"Le blog BD de K.W\" \/>\n<meta property=\"article:modified_time\" content=\"2024-04-29T08:35:22+00:00\" \/>\n<meta name=\"twitter:card\" content=\"summary_large_image\" \/>\n<meta name=\"twitter:label1\" content=\"Dur\u00e9e de lecture estim\u00e9e\" \/>\n\t<meta name=\"twitter:data1\" content=\"2 minutes\" \/>\n<script type=\"application\/ld+json\" class=\"yoast-schema-graph\">{\"@context\":\"https:\/\/schema.org\",\"@graph\":[{\"@type\":\"WebPage\",\"@id\":\"https:\/\/kw-blogbd.fr\/index.php\/la-map-des-orninis\/\",\"url\":\"https:\/\/kw-blogbd.fr\/index.php\/la-map-des-orninis\/\",\"name\":\"La Map des Orninis ! - Le blog BD de K.W\",\"isPartOf\":{\"@id\":\"https:\/\/kw-blogbd.fr\/#website\"},\"datePublished\":\"2024-04-23T06:55:57+00:00\",\"dateModified\":\"2024-04-29T08:35:22+00:00\",\"breadcrumb\":{\"@id\":\"https:\/\/kw-blogbd.fr\/index.php\/la-map-des-orninis\/#breadcrumb\"},\"inLanguage\":\"fr-FR\",\"potentialAction\":[{\"@type\":\"ReadAction\",\"target\":[\"https:\/\/kw-blogbd.fr\/index.php\/la-map-des-orninis\/\"]}]},{\"@type\":\"BreadcrumbList\",\"@id\":\"https:\/\/kw-blogbd.fr\/index.php\/la-map-des-orninis\/#breadcrumb\",\"itemListElement\":[{\"@type\":\"ListItem\",\"position\":1,\"name\":\"Accueil\",\"item\":\"https:\/\/kw-blogbd.fr\/\"},{\"@type\":\"ListItem\",\"position\":2,\"name\":\"La Map des Orninis !\"}]},{\"@type\":\"WebSite\",\"@id\":\"https:\/\/kw-blogbd.fr\/#website\",\"url\":\"https:\/\/kw-blogbd.fr\/\",\"name\":\"Le blog BD de K.W\",\"description\":\"On trouvera un slogan plus tard\",\"potentialAction\":[{\"@type\":\"SearchAction\",\"target\":{\"@type\":\"EntryPoint\",\"urlTemplate\":\"https:\/\/kw-blogbd.fr\/?s={search_term_string}\"},\"query-input\":{\"@type\":\"PropertyValueSpecification\",\"valueRequired\":true,\"valueName\":\"search_term_string\"}}],\"inLanguage\":\"fr-FR\"}]}<\/script>\n<!-- \/ Yoast SEO plugin. -->","yoast_head_json":{"title":"La Map des Orninis ! - Le blog BD de K.W","robots":{"index":"index","follow":"follow","max-snippet":"max-snippet:-1","max-image-preview":"max-image-preview:large","max-video-preview":"max-video-preview:-1"},"canonical":"https:\/\/kw-blogbd.fr\/index.php\/la-map-des-orninis\/","og_locale":"fr_FR","og_type":"article","og_title":"La Map des Orninis ! - Le blog BD de K.W","og_description":"La Map des Orninis !La Map des OrninisPour retrouver mes cartes un peu partout en France... et peut-\u00eatre m\u00eame au-del\u00e0 !Comment faire pour participer ?","og_url":"https:\/\/kw-blogbd.fr\/index.php\/la-map-des-orninis\/","og_site_name":"Le blog BD de K.W","article_modified_time":"2024-04-29T08:35:22+00:00","twitter_card":"summary_large_image","twitter_misc":{"Dur\u00e9e de lecture estim\u00e9e":"2 minutes"},"schema":{"@context":"https:\/\/schema.org","@graph":[{"@type":"WebPage","@id":"https:\/\/kw-blogbd.fr\/index.php\/la-map-des-orninis\/","url":"https:\/\/kw-blogbd.fr\/index.php\/la-map-des-orninis\/","name":"La Map des Orninis ! - Le blog BD de K.W","isPartOf":{"@id":"https:\/\/kw-blogbd.fr\/#website"},"datePublished":"2024-04-23T06:55:57+00:00","dateModified":"2024-04-29T08:35:22+00:00","breadcrumb":{"@id":"https:\/\/kw-blogbd.fr\/index.php\/la-map-des-orninis\/#breadcrumb"},"inLanguage":"fr-FR","potentialAction":[{"@type":"ReadAction","target":["https:\/\/kw-blogbd.fr\/index.php\/la-map-des-orninis\/"]}]},{"@type":"BreadcrumbList","@id":"https:\/\/kw-blogbd.fr\/index.php\/la-map-des-orninis\/#breadcrumb","itemListElement":[{"@type":"ListItem","position":1,"name":"Accueil","item":"https:\/\/kw-blogbd.fr\/"},{"@type":"ListItem","position":2,"name":"La Map des Orninis !"}]},{"@type":"WebSite","@id":"https:\/\/kw-blogbd.fr\/#website","url":"https:\/\/kw-blogbd.fr\/","name":"Le blog BD de K.W","description":"On trouvera un slogan plus tard","potentialAction":[{"@type":"SearchAction","target":{"@type":"EntryPoint","urlTemplate":"https:\/\/kw-blogbd.fr\/?s={search_term_string}"},"query-input":{"@type":"PropertyValueSpecification","valueRequired":true,"valueName":"search_term_string"}}],"inLanguage":"fr-FR"}]}},"jetpack_sharing_enabled":true,"jetpack_shortlink":"https:\/\/wp.me\/P9JgFJ-15V","_links":{"self":[{"href":"https:\/\/kw-blogbd.fr\/index.php\/wp-json\/wp\/v2\/pages\/4211","targetHints":{"allow":["GET"]}}],"collection":[{"href":"https:\/\/kw-blogbd.fr\/index.php\/wp-json\/wp\/v2\/pages"}],"about":[{"href":"https:\/\/kw-blogbd.fr\/index.php\/wp-json\/wp\/v2\/types\/page"}],"author":[{"embeddable":true,"href":"https:\/\/kw-blogbd.fr\/index.php\/wp-json\/wp\/v2\/users\/1"}],"replies":[{"embeddable":true,"href":"https:\/\/kw-blogbd.fr\/index.php\/wp-json\/wp\/v2\/comments?post=4211"}],"version-history":[{"count":22,"href":"https:\/\/kw-blogbd.fr\/index.php\/wp-json\/wp\/v2\/pages\/4211\/revisions"}],"predecessor-version":[{"id":4275,"href":"https:\/\/kw-blogbd.fr\/index.php\/wp-json\/wp\/v2\/pages\/4211\/revisions\/4275"}],"wp:attachment":[{"href":"https:\/\/kw-blogbd.fr\/index.php\/wp-json\/wp\/v2\/media?parent=4211"}],"curies":[{"name":"wp","href":"https:\/\/api.w.org\/{rel}","templated":true}]}}