{"id":4583,"date":"2026-03-14T12:04:43","date_gmt":"2026-03-14T11:04:43","guid":{"rendered":"https:\/\/kw-blogbd.fr\/?page_id=4583"},"modified":"2026-04-20T13:43:10","modified_gmt":"2026-04-20T11:43:10","slug":"games-heureuses","status":"publish","type":"page","link":"https:\/\/kw-blogbd.fr\/index.php\/games-heureuses\/","title":{"rendered":"Games Heureuses"},"content":{"rendered":"<p>[et_pb_section fb_built=\u00a0\u00bb1&Prime; admin_label=\u00a0\u00bbHero Section\u00a0\u00bb _builder_version=\u00a0\u00bb4.27.6&Prime; background_color_gradient_direction=\u00a0\u00bb131deg\u00a0\u00bb background_image=\u00a0\u00bbhttps:\/\/kw-blogbd.fr\/wp-content\/uploads\/2026\/03\/FondLogo.png\u00a0\u00bb custom_padding=\u00a0\u00bb80px|0px|80px|0px\u00a0\u00bb animation_style=\u00a0\u00bbslide\u00a0\u00bb animation_direction=\u00a0\u00bbtop\u00a0\u00bb animation_intensity_slide=\u00a0\u00bb2%\u00a0\u00bb animation_starting_opacity=\u00a0\u00bb100%\u00a0\u00bb locked=\u00a0\u00bboff\u00a0\u00bb global_colors_info=\u00a0\u00bb{}\u00a0\u00bb][et_pb_row _builder_version=\u00a0\u00bb4.27.4&Prime; background_size=\u00a0\u00bbinitial\u00a0\u00bb background_position=\u00a0\u00bbtop_left\u00a0\u00bb background_repeat=\u00a0\u00bbrepeat\u00a0\u00bb custom_padding=\u00a0\u00bb|||\u00a0\u00bb custom_width_px=\u00a0\u00bb1440px\u00a0\u00bb global_colors_info=\u00a0\u00bb{}\u00a0\u00bb][et_pb_column type=\u00a0\u00bb4_4&Prime; _builder_version=\u00a0\u00bb4.16&Prime; custom_padding=\u00a0\u00bb|||\u00a0\u00bb global_colors_info=\u00a0\u00bb{}\u00a0\u00bb custom_padding__hover=\u00a0\u00bb|||\u00a0\u00bb][et_pb_text admin_label=\u00a0\u00bbTexte\u00a0\u00bb _builder_version=\u00a0\u00bb4.27.6&Prime; _module_preset=\u00a0\u00bbdefault\u00a0\u00bb header_font=\u00a0\u00bbAcme|700|||||||\u00a0\u00bb header_text_color=\u00a0\u00bb#FFFFFF\u00a0\u00bb header_font_size=\u00a0\u00bb73px\u00a0\u00bb header_line_height=\u00a0\u00bb1.5em\u00a0\u00bb module_alignment=\u00a0\u00bbcenter\u00a0\u00bb custom_margin=\u00a0\u00bb||20px||false|false\u00a0\u00bb header_text_shadow_style=\u00a0\u00bbpreset1&Prime; global_colors_info=\u00a0\u00bb{}\u00a0\u00bb][\/et_pb_text][\/et_pb_column][\/et_pb_row][\/et_pb_section][et_pb_section fb_built=\u00a0\u00bb1&Prime; _builder_version=\u00a0\u00bb4.23.4&Prime; custom_padding=\u00a0\u00bb|||\u00a0\u00bb global_colors_info=\u00a0\u00bb{}\u00a0\u00bb][et_pb_row admin_label=\u00a0\u00bbPr\u00e9sentation\u00a0\u00bb _builder_version=\u00a0\u00bb4.27.4&Prime; _module_preset=\u00a0\u00bbdefault\u00a0\u00bb global_colors_info=\u00a0\u00bb{}\u00a0\u00bb][et_pb_column type=\u00a0\u00bb4_4&Prime; _builder_version=\u00a0\u00bb4.23.4&Prime; _module_preset=\u00a0\u00bbdefault\u00a0\u00bb global_colors_info=\u00a0\u00bb{}\u00a0\u00bb][et_pb_text _builder_version=\u00a0\u00bb4.27.6&Prime; _module_preset=\u00a0\u00bbdefault\u00a0\u00bb global_colors_info=\u00a0\u00bb{}\u00a0\u00bb]Et bienvenue sur ce nouveau podcast !<\/p>\n<p>Games Heureuses, qu\u2019est-ce que c\u2019est ? Il s&rsquo;agit d&rsquo;un podcast dans lequel je raconte l\u2019histoire de ma ou mon invit\u00e9\u00b7e \u00e0 travers les jeux vid\u00e9o qu&rsquo;iel a d\u00e9couvert au cours de son existence. Des premi\u00e8res d\u00e9couvertes aux exp\u00e9riences marquantes, des bons jeux et des moins bons, des classiques r\u00e9tro aux sorties plus r\u00e9centes.<br \/>\nC\u2019est un espace de discussion libre, o\u00f9 l\u2019on parle de jeux, bien s\u00fbr, mais aussi de souvenirs, de parcours, de cr\u00e9ation\u2026 bref, de tout ce qui gravite de pr\u00e8s ou de loin autour du jeu vid\u00e9o.<\/p>\n<p>Bonne \u00e9coute ![\/et_pb_text][\/et_pb_column][\/et_pb_row][et_pb_row admin_label=\u00a0\u00bbLigne\u00a0\u00bb _builder_version=\u00a0\u00bb4.27.4&Prime; _module_preset=\u00a0\u00bbdefault\u00a0\u00bb global_colors_info=\u00a0\u00bb{}\u00a0\u00bb][et_pb_column type=\u00a0\u00bb4_4&Prime; _builder_version=\u00a0\u00bb4.23.4&Prime; _module_preset=\u00a0\u00bbdefault\u00a0\u00bb global_colors_info=\u00a0\u00bb{}\u00a0\u00bb][et_pb_divider _builder_version=\u00a0\u00bb4.27.4&Prime; _module_preset=\u00a0\u00bbdefault\u00a0\u00bb global_colors_info=\u00a0\u00bb{}\u00a0\u00bb][\/et_pb_divider][\/et_pb_column][\/et_pb_row][et_pb_row column_structure=\u00a0\u00bb1_2,1_2&Prime; admin_label=\u00a0\u00bbFlux RSS\u00a0\u00bb _builder_version=\u00a0\u00bb4.27.6&Prime; _module_preset=\u00a0\u00bbdefault\u00a0\u00bb global_colors_info=\u00a0\u00bb{}\u00a0\u00bb][et_pb_column type=\u00a0\u00bb1_2&Prime; _builder_version=\u00a0\u00bb4.27.4&Prime; _module_preset=\u00a0\u00bbdefault\u00a0\u00bb global_colors_info=\u00a0\u00bb{}\u00a0\u00bb][et_pb_code _builder_version=\u00a0\u00bb4.27.6&Prime; _module_preset=\u00a0\u00bbdefault\u00a0\u00bb global_colors_info=\u00a0\u00bb{}\u00a0\u00bb]<iframe allow=\"autoplay *; encrypted-media *; fullscreen *; clipboard-write\" frameborder=\"0\" height=\"175\" style=\"width:100%;max-width:660px;overflow:hidden;border-radius:10px;\" sandbox=\"allow-forms allow-popups allow-same-origin allow-scripts allow-storage-access-by-user-activation allow-top-navigation-by-user-activation\" src=\"https:\/\/embed.podcasts.apple.com\/fr\/podcast\/games-heureuses-00-pr%C3%A9sentation\/id1884401844?i=1000754702258\"><\/iframe>[\/et_pb_code][et_pb_code _builder_version=\u00a0\u00bb4.27.6&Prime; _module_preset=\u00a0\u00bbdefault\u00a0\u00bb hover_enabled=\u00a0\u00bb0&Prime; global_colors_info=\u00a0\u00bb{}\u00a0\u00bb sticky_enabled=\u00a0\u00bb0&Prime;]<iframe allow=\"autoplay *; encrypted-media *; fullscreen *; clipboard-write\" frameborder=\"0\" height=\"175\" style=\"width:100%;max-width:660px;overflow:hidden;border-radius:10px;\" sandbox=\"allow-forms allow-popups allow-same-origin allow-scripts allow-storage-access-by-user-activation allow-top-navigation-by-user-activation\" src=\"https:\/\/embed.podcasts.apple.com\/fr\/podcast\/games-heureuses-02-bobby\/id1884401844?i=1000762379871\"><\/iframe>[\/et_pb_code][\/et_pb_column][et_pb_column type=\u00a0\u00bb1_2&Prime; _builder_version=\u00a0\u00bb4.27.4&Prime; _module_preset=\u00a0\u00bbdefault\u00a0\u00bb global_colors_info=\u00a0\u00bb{}\u00a0\u00bb][et_pb_code _builder_version=\u00a0\u00bb4.27.6&Prime; _module_preset=\u00a0\u00bbdefault\u00a0\u00bb global_colors_info=\u00a0\u00bb{}\u00a0\u00bb]<iframe allow=\"autoplay *; encrypted-media *; fullscreen *; clipboard-write\" frameborder=\"0\" height=\"175\" style=\"width:100%;max-width:660px;overflow:hidden;border-radius:10px;\" sandbox=\"allow-forms allow-popups allow-same-origin allow-scripts allow-storage-access-by-user-activation allow-top-navigation-by-user-activation\" src=\"https:\/\/embed.podcasts.apple.com\/fr\/podcast\/games-heureuses-01-garrett\/id1884401844?i=1000755556571\"><\/iframe>[\/et_pb_code][\/et_pb_column][\/et_pb_row][\/et_pb_section]<\/p>\n","protected":false},"excerpt":{"rendered":"<p>Et bienvenue sur ce nouveau podcast ! Games Heureuses, qu\u2019est-ce que c\u2019est ? Il s&rsquo;agit d&rsquo;un podcast dans lequel je raconte l\u2019histoire de ma ou mon invit\u00e9\u00b7e \u00e0 travers les jeux vid\u00e9o qu&rsquo;iel a d\u00e9couvert au cours de son existence. Des premi\u00e8res d\u00e9couvertes aux exp\u00e9riences marquantes, des bons jeux et des moins bons, des classiques [&hellip;]<\/p>\n","protected":false},"author":1,"featured_media":0,"parent":0,"menu_order":0,"comment_status":"closed","ping_status":"closed","template":"","meta":{"_et_pb_use_builder":"on","_et_pb_old_content":"","_et_gb_content_width":"","jetpack_post_was_ever_published":false,"footnotes":""},"class_list":["post-4583","page","type-page","status-publish","hentry"],"yoast_head":"<!-- This site is optimized with the Yoast SEO plugin v27.4 - https:\/\/yoast.com\/product\/yoast-seo-wordpress\/ -->\n<title>Games Heureuses - Le blog BD de K.W<\/title>\n<meta name=\"robots\" content=\"index, follow, max-snippet:-1, max-image-preview:large, max-video-preview:-1\" \/>\n<link rel=\"canonical\" href=\"https:\/\/kw-blogbd.fr\/index.php\/games-heureuses\/\" \/>\n<meta property=\"og:locale\" content=\"fr_FR\" \/>\n<meta property=\"og:type\" content=\"article\" \/>\n<meta property=\"og:title\" content=\"Games Heureuses - Le blog BD de K.W\" \/>\n<meta property=\"og:description\" content=\"Et bienvenue sur ce nouveau podcast ! Games Heureuses, qu\u2019est-ce que c\u2019est ? Il s&#039;agit d&#039;un podcast dans lequel je raconte l\u2019histoire de ma ou mon invit\u00e9\u00b7e \u00e0 travers les jeux vid\u00e9o qu&#039;iel a d\u00e9couvert au cours de son existence. Des premi\u00e8res d\u00e9couvertes aux exp\u00e9riences marquantes, des bons jeux et des moins bons, des classiques [&hellip;]\" \/>\n<meta property=\"og:url\" content=\"https:\/\/kw-blogbd.fr\/index.php\/games-heureuses\/\" \/>\n<meta property=\"og:site_name\" content=\"Le blog BD de K.W\" \/>\n<meta property=\"article:modified_time\" content=\"2026-04-20T11:43:10+00:00\" \/>\n<meta name=\"twitter:card\" content=\"summary_large_image\" \/>\n<meta name=\"twitter:label1\" content=\"Dur\u00e9e de lecture estim\u00e9e\" \/>\n\t<meta name=\"twitter:data1\" content=\"1 minute\" \/>\n<script type=\"application\/ld+json\" class=\"yoast-schema-graph\">{\"@context\":\"https:\\\/\\\/schema.org\",\"@graph\":[{\"@type\":\"WebPage\",\"@id\":\"https:\\\/\\\/kw-blogbd.fr\\\/index.php\\\/games-heureuses\\\/\",\"url\":\"https:\\\/\\\/kw-blogbd.fr\\\/index.php\\\/games-heureuses\\\/\",\"name\":\"Games Heureuses - Le blog BD de K.W\",\"isPartOf\":{\"@id\":\"https:\\\/\\\/kw-blogbd.fr\\\/#website\"},\"datePublished\":\"2026-03-14T11:04:43+00:00\",\"dateModified\":\"2026-04-20T11:43:10+00:00\",\"breadcrumb\":{\"@id\":\"https:\\\/\\\/kw-blogbd.fr\\\/index.php\\\/games-heureuses\\\/#breadcrumb\"},\"inLanguage\":\"fr-FR\",\"potentialAction\":[{\"@type\":\"ReadAction\",\"target\":[\"https:\\\/\\\/kw-blogbd.fr\\\/index.php\\\/games-heureuses\\\/\"]}]},{\"@type\":\"BreadcrumbList\",\"@id\":\"https:\\\/\\\/kw-blogbd.fr\\\/index.php\\\/games-heureuses\\\/#breadcrumb\",\"itemListElement\":[{\"@type\":\"ListItem\",\"position\":1,\"name\":\"Accueil\",\"item\":\"https:\\\/\\\/kw-blogbd.fr\\\/\"},{\"@type\":\"ListItem\",\"position\":2,\"name\":\"Games Heureuses\"}]},{\"@type\":\"WebSite\",\"@id\":\"https:\\\/\\\/kw-blogbd.fr\\\/#website\",\"url\":\"https:\\\/\\\/kw-blogbd.fr\\\/\",\"name\":\"Le blog BD de K.W\",\"description\":\"On trouvera un slogan plus tard\",\"potentialAction\":[{\"@type\":\"SearchAction\",\"target\":{\"@type\":\"EntryPoint\",\"urlTemplate\":\"https:\\\/\\\/kw-blogbd.fr\\\/?s={search_term_string}\"},\"query-input\":{\"@type\":\"PropertyValueSpecification\",\"valueRequired\":true,\"valueName\":\"search_term_string\"}}],\"inLanguage\":\"fr-FR\"}]}<\/script>\n<!-- \/ Yoast SEO plugin. -->","yoast_head_json":{"title":"Games Heureuses - Le blog BD de K.W","robots":{"index":"index","follow":"follow","max-snippet":"max-snippet:-1","max-image-preview":"max-image-preview:large","max-video-preview":"max-video-preview:-1"},"canonical":"https:\/\/kw-blogbd.fr\/index.php\/games-heureuses\/","og_locale":"fr_FR","og_type":"article","og_title":"Games Heureuses - Le blog BD de K.W","og_description":"Et bienvenue sur ce nouveau podcast ! Games Heureuses, qu\u2019est-ce que c\u2019est ? Il s'agit d'un podcast dans lequel je raconte l\u2019histoire de ma ou mon invit\u00e9\u00b7e \u00e0 travers les jeux vid\u00e9o qu'iel a d\u00e9couvert au cours de son existence. Des premi\u00e8res d\u00e9couvertes aux exp\u00e9riences marquantes, des bons jeux et des moins bons, des classiques [&hellip;]","og_url":"https:\/\/kw-blogbd.fr\/index.php\/games-heureuses\/","og_site_name":"Le blog BD de K.W","article_modified_time":"2026-04-20T11:43:10+00:00","twitter_card":"summary_large_image","twitter_misc":{"Dur\u00e9e de lecture estim\u00e9e":"1 minute"},"schema":{"@context":"https:\/\/schema.org","@graph":[{"@type":"WebPage","@id":"https:\/\/kw-blogbd.fr\/index.php\/games-heureuses\/","url":"https:\/\/kw-blogbd.fr\/index.php\/games-heureuses\/","name":"Games Heureuses - Le blog BD de K.W","isPartOf":{"@id":"https:\/\/kw-blogbd.fr\/#website"},"datePublished":"2026-03-14T11:04:43+00:00","dateModified":"2026-04-20T11:43:10+00:00","breadcrumb":{"@id":"https:\/\/kw-blogbd.fr\/index.php\/games-heureuses\/#breadcrumb"},"inLanguage":"fr-FR","potentialAction":[{"@type":"ReadAction","target":["https:\/\/kw-blogbd.fr\/index.php\/games-heureuses\/"]}]},{"@type":"BreadcrumbList","@id":"https:\/\/kw-blogbd.fr\/index.php\/games-heureuses\/#breadcrumb","itemListElement":[{"@type":"ListItem","position":1,"name":"Accueil","item":"https:\/\/kw-blogbd.fr\/"},{"@type":"ListItem","position":2,"name":"Games Heureuses"}]},{"@type":"WebSite","@id":"https:\/\/kw-blogbd.fr\/#website","url":"https:\/\/kw-blogbd.fr\/","name":"Le blog BD de K.W","description":"On trouvera un slogan plus tard","potentialAction":[{"@type":"SearchAction","target":{"@type":"EntryPoint","urlTemplate":"https:\/\/kw-blogbd.fr\/?s={search_term_string}"},"query-input":{"@type":"PropertyValueSpecification","valueRequired":true,"valueName":"search_term_string"}}],"inLanguage":"fr-FR"}]}},"jetpack_sharing_enabled":true,"jetpack_shortlink":"https:\/\/wp.me\/P9JgFJ-1bV","_links":{"self":[{"href":"https:\/\/kw-blogbd.fr\/index.php\/wp-json\/wp\/v2\/pages\/4583","targetHints":{"allow":["GET"]}}],"collection":[{"href":"https:\/\/kw-blogbd.fr\/index.php\/wp-json\/wp\/v2\/pages"}],"about":[{"href":"https:\/\/kw-blogbd.fr\/index.php\/wp-json\/wp\/v2\/types\/page"}],"author":[{"embeddable":true,"href":"https:\/\/kw-blogbd.fr\/index.php\/wp-json\/wp\/v2\/users\/1"}],"replies":[{"embeddable":true,"href":"https:\/\/kw-blogbd.fr\/index.php\/wp-json\/wp\/v2\/comments?post=4583"}],"version-history":[{"count":11,"href":"https:\/\/kw-blogbd.fr\/index.php\/wp-json\/wp\/v2\/pages\/4583\/revisions"}],"predecessor-version":[{"id":4730,"href":"https:\/\/kw-blogbd.fr\/index.php\/wp-json\/wp\/v2\/pages\/4583\/revisions\/4730"}],"wp:attachment":[{"href":"https:\/\/kw-blogbd.fr\/index.php\/wp-json\/wp\/v2\/media?parent=4583"}],"curies":[{"name":"wp","href":"https:\/\/api.w.org\/{rel}","templated":true}]}}